{"id":2623,"date":"2022-12-22T23:15:05","date_gmt":"2022-12-22T23:15:05","guid":{"rendered":"https:\/\/www.fahditalia.com\/catalogo\/uncategorized\/vc-6\/"},"modified":"2023-02-21T20:48:47","modified_gmt":"2023-02-21T20:48:47","slug":"vc-6","status":"publish","type":"product","link":"https:\/\/www.fahditalia.com\/en\/catalogo\/welding-machines\/vc-6\/","title":{"rendered":"VC 6"},"content":{"rendered":"<h2>Welding Machine VC 6<\/h2>\n<h3>Technical data<\/h3>\n<table style=\"height: 58px;width: 100%\" width=\"100%\">\n<tbody>\n<tr style=\"height: 23px\">\n<td style=\"width: 64.551877%;height: 23px\">Steel band width min \u00f7 max<\/td>\n<td style=\"width: 34.448123%;height: 23px\">mm 10 \u00f7 60<\/td>\n<\/tr>\n<tr style=\"height: 23px\">\n<td style=\"width: 64.551877%;height: 10px\">Band thickness min \u00f7 max<\/td>\n<td style=\"width: 34.448123%;height: 10px\">mm 0,6 \u00f7 1,1<\/td>\n<\/tr>\n<tr style=\"height: 15px\">\n<td style=\"width: 64.551877%;height: 15px\">Absorbed power<\/td>\n<td style=\"width: 34.448123%;height: 15px\">kW 6,5<\/td>\n<\/tr>\n<tr style=\"height: 23px\">\n<td style=\"width: 64.551877%;height: 10px\">Weight<\/td>\n<td style=\"width: 34.448123%;height: 10px\">kg 56<\/td>\n<\/tr>\n<\/tbody>\n<\/table>\n<p>&nbsp;<\/p>\n","protected":false},"excerpt":{"rendered":"<p>Welding Machine VC 6 Technical data Steel band width min \u00f7 max mm 10 \u00f7 60 Band thickness min \u00f7 max mm 0,6 \u00f7 1,1 Absorbed power kW 6,5 Weight kg 56 &nbsp;<\/p>\n","protected":false},"featured_media":3025,"comment_status":"closed","ping_status":"closed","template":"","meta":{"_et_pb_use_builder":"","_et_pb_old_content":"","_et_gb_content_width":""},"product_cat":[244],"product_tag":[],"class_list":["post-2623","product","type-product","status-publish","has-post-thumbnail","hentry","product_cat-welding-machines"],"yoast_head":"<!-- This site is optimized with the Yoast SEO plugin v20.7 - https:\/\/yoast.com\/wordpress\/plugins\/seo\/ -->\n<title>VC 6 - FahdItalia % %<\/title>\n<meta name=\"description\" content=\"VC 6 - FahdItalia\" \/>\n<meta name=\"robots\" content=\"index, follow, max-snippet:-1, max-image-preview:large, max-video-preview:-1\" \/>\n<link rel=\"canonical\" href=\"https:\/\/www.fahditalia.com\/en\/catalogo\/welding-machines\/vc-6\/\" \/>\n<meta property=\"og:locale\" content=\"en_US\" \/>\n<meta property=\"og:type\" content=\"article\" \/>\n<meta property=\"og:title\" content=\"VC 6 - FahdItalia % %\" \/>\n<meta property=\"og:description\" content=\"VC 6 - FahdItalia\" \/>\n<meta property=\"og:site_name\" content=\"FahdItalia\" \/>\n<meta property=\"article:modified_time\" content=\"2023-02-21T20:48:47+00:00\" \/>\n<meta property=\"og:image\" content=\"https:\/\/www.fahditalia.com\/wp-content\/uploads\/2022\/12\/VC.jpg\" \/>\n\t<meta property=\"og:image:width\" content=\"800\" \/>\n\t<meta property=\"og:image:height\" content=\"600\" \/>\n\t<meta property=\"og:image:type\" content=\"image\/jpeg\" \/>\n<meta name=\"twitter:card\" content=\"summary_large_image\" \/>\n<script type=\"application\/ld+json\" class=\"yoast-schema-graph\">{\"@context\":\"https:\/\/schema.org\",\"@graph\":[{\"@type\":\"WebPage\",\"@id\":\"https:\/\/www.fahditalia.com\/en\/catalogo\/welding-machines\/vc-6\/\",\"url\":\"https:\/\/www.fahditalia.com\/en\/catalogo\/welding-machines\/vc-6\/\",\"name\":\"VC 6 - FahdItalia % %\",\"isPartOf\":{\"@id\":\"https:\/\/www.fahditalia.com\/en\/#website\"},\"datePublished\":\"2022-12-22T23:15:05+00:00\",\"dateModified\":\"2023-02-21T20:48:47+00:00\",\"description\":\"VC 6 - FahdItalia\",\"breadcrumb\":{\"@id\":\"https:\/\/www.fahditalia.com\/en\/catalogo\/welding-machines\/vc-6\/#breadcrumb\"},\"inLanguage\":\"en-US\",\"potentialAction\":[{\"@type\":\"ReadAction\",\"target\":[\"https:\/\/www.fahditalia.com\/en\/catalogo\/welding-machines\/vc-6\/\"]}]},{\"@type\":\"BreadcrumbList\",\"@id\":\"https:\/\/www.fahditalia.com\/en\/catalogo\/welding-machines\/vc-6\/#breadcrumb\",\"itemListElement\":[{\"@type\":\"ListItem\",\"position\":1,\"name\":\"Home\",\"item\":\"https:\/\/www.fahditalia.com\/en\/\"},{\"@type\":\"ListItem\",\"position\":2,\"name\":\"Catalog\",\"item\":\"https:\/\/www.fahditalia.com\/en\/catalog\/\"},{\"@type\":\"ListItem\",\"position\":3,\"name\":\"VC 6\"}]},{\"@type\":\"WebSite\",\"@id\":\"https:\/\/www.fahditalia.com\/en\/#website\",\"url\":\"https:\/\/www.fahditalia.com\/en\/\",\"name\":\"FAHDITALIA Macchine per il legno di qualit\u00e0 - Quality woodworking machine\",\"description\":\"FAHDITALIA Macchine per il legno - Woodworkins machine\",\"publisher\":{\"@id\":\"https:\/\/www.fahditalia.com\/en\/#organization\"},\"potentialAction\":[{\"@type\":\"SearchAction\",\"target\":{\"@type\":\"EntryPoint\",\"urlTemplate\":\"https:\/\/www.fahditalia.com\/en\/?s={search_term_string}\"},\"query-input\":\"required name=search_term_string\"}],\"inLanguage\":\"en-US\"},{\"@type\":\"Organization\",\"@id\":\"https:\/\/www.fahditalia.com\/en\/#organization\",\"name\":\"FAHDITALIA Macchine per il legno di qualit\u00e0 - Quality woodworking machine\",\"url\":\"https:\/\/www.fahditalia.com\/en\/\",\"logo\":{\"@type\":\"ImageObject\",\"inLanguage\":\"en-US\",\"@id\":\"https:\/\/www.fahditalia.com\/en\/#\/schema\/logo\/image\/\",\"url\":\"https:\/\/www.fahditalia.com\/wp-content\/uploads\/2021\/11\/logo-fahditalia-basic.png\",\"contentUrl\":\"https:\/\/www.fahditalia.com\/wp-content\/uploads\/2021\/11\/logo-fahditalia-basic.png\",\"width\":2217,\"height\":421,\"caption\":\"FAHDITALIA Macchine per il legno di qualit\u00e0 - Quality woodworking machine\"},\"image\":{\"@id\":\"https:\/\/www.fahditalia.com\/en\/#\/schema\/logo\/image\/\"},\"sameAs\":[\"https:\/\/www.instagram.com\/fahditalia\/\",\"https:\/\/www.youtube.com\/channel\/UCNg_3QBScco9gmlNJNRG5nQ\/channels\"]}]}<\/script>\n<!-- \/ Yoast SEO plugin. -->","yoast_head_json":{"title":"VC 6 - FahdItalia % %","description":"VC 6 - FahdItalia","robots":{"index":"index","follow":"follow","max-snippet":"max-snippet:-1","max-image-preview":"max-image-preview:large","max-video-preview":"max-video-preview:-1"},"canonical":"https:\/\/www.fahditalia.com\/en\/catalogo\/welding-machines\/vc-6\/","og_locale":"en_US","og_type":"article","og_title":"VC 6 - FahdItalia % %","og_description":"VC 6 - FahdItalia","og_site_name":"FahdItalia","article_modified_time":"2023-02-21T20:48:47+00:00","og_image":[{"width":800,"height":600,"url":"https:\/\/www.fahditalia.com\/wp-content\/uploads\/2022\/12\/VC.jpg","type":"image\/jpeg"}],"twitter_card":"summary_large_image","schema":{"@context":"https:\/\/schema.org","@graph":[{"@type":"WebPage","@id":"https:\/\/www.fahditalia.com\/en\/catalogo\/welding-machines\/vc-6\/","url":"https:\/\/www.fahditalia.com\/en\/catalogo\/welding-machines\/vc-6\/","name":"VC 6 - FahdItalia % %","isPartOf":{"@id":"https:\/\/www.fahditalia.com\/en\/#website"},"datePublished":"2022-12-22T23:15:05+00:00","dateModified":"2023-02-21T20:48:47+00:00","description":"VC 6 - FahdItalia","breadcrumb":{"@id":"https:\/\/www.fahditalia.com\/en\/catalogo\/welding-machines\/vc-6\/#breadcrumb"},"inLanguage":"en-US","potentialAction":[{"@type":"ReadAction","target":["https:\/\/www.fahditalia.com\/en\/catalogo\/welding-machines\/vc-6\/"]}]},{"@type":"BreadcrumbList","@id":"https:\/\/www.fahditalia.com\/en\/catalogo\/welding-machines\/vc-6\/#breadcrumb","itemListElement":[{"@type":"ListItem","position":1,"name":"Home","item":"https:\/\/www.fahditalia.com\/en\/"},{"@type":"ListItem","position":2,"name":"Catalog","item":"https:\/\/www.fahditalia.com\/en\/catalog\/"},{"@type":"ListItem","position":3,"name":"VC 6"}]},{"@type":"WebSite","@id":"https:\/\/www.fahditalia.com\/en\/#website","url":"https:\/\/www.fahditalia.com\/en\/","name":"FAHDITALIA Macchine per il legno di qualit\u00e0 - Quality woodworking machine","description":"FAHDITALIA Macchine per il legno - Woodworkins machine","publisher":{"@id":"https:\/\/www.fahditalia.com\/en\/#organization"},"potentialAction":[{"@type":"SearchAction","target":{"@type":"EntryPoint","urlTemplate":"https:\/\/www.fahditalia.com\/en\/?s={search_term_string}"},"query-input":"required name=search_term_string"}],"inLanguage":"en-US"},{"@type":"Organization","@id":"https:\/\/www.fahditalia.com\/en\/#organization","name":"FAHDITALIA Macchine per il legno di qualit\u00e0 - Quality woodworking machine","url":"https:\/\/www.fahditalia.com\/en\/","logo":{"@type":"ImageObject","inLanguage":"en-US","@id":"https:\/\/www.fahditalia.com\/en\/#\/schema\/logo\/image\/","url":"https:\/\/www.fahditalia.com\/wp-content\/uploads\/2021\/11\/logo-fahditalia-basic.png","contentUrl":"https:\/\/www.fahditalia.com\/wp-content\/uploads\/2021\/11\/logo-fahditalia-basic.png","width":2217,"height":421,"caption":"FAHDITALIA Macchine per il legno di qualit\u00e0 - Quality woodworking machine"},"image":{"@id":"https:\/\/www.fahditalia.com\/en\/#\/schema\/logo\/image\/"},"sameAs":["https:\/\/www.instagram.com\/fahditalia\/","https:\/\/www.youtube.com\/channel\/UCNg_3QBScco9gmlNJNRG5nQ\/channels"]}]}},"_links":{"self":[{"href":"https:\/\/www.fahditalia.com\/en\/wp-json\/wp\/v3\/product\/2623","targetHints":{"allow":["GET"]}}],"collection":[{"href":"https:\/\/www.fahditalia.com\/en\/wp-json\/wp\/v3\/product"}],"about":[{"href":"https:\/\/www.fahditalia.com\/en\/wp-json\/wp\/v2\/types\/product"}],"replies":[{"embeddable":true,"href":"https:\/\/www.fahditalia.com\/en\/wp-json\/wp\/v2\/comments?post=2623"}],"wp:featuredmedia":[{"embeddable":true,"href":"https:\/\/www.fahditalia.com\/en\/wp-json\/wp\/v2\/media\/3025"}],"wp:attachment":[{"href":"https:\/\/www.fahditalia.com\/en\/wp-json\/wp\/v2\/media?parent=2623"}],"wp:term":[{"taxonomy":"product_cat","embeddable":true,"href":"https:\/\/www.fahditalia.com\/en\/wp-json\/wp\/v2\/product_cat?post=2623"},{"taxonomy":"product_tag","embeddable":true,"href":"https:\/\/www.fahditalia.com\/en\/wp-json\/wp\/v2\/product_tag?post=2623"}],"curies":[{"name":"wp","href":"https:\/\/api.w.org\/{rel}","templated":true}]}}