{"id":2608,"date":"2022-12-22T22:43:30","date_gmt":"2022-12-22T22:43:30","guid":{"rendered":"https:\/\/www.fahditalia.com\/catalogo\/uncategorized\/july-600\/"},"modified":"2023-02-22T10:42:53","modified_gmt":"2023-02-22T10:42:53","slug":"july-600","status":"publish","type":"product","link":"https:\/\/www.fahditalia.com\/en\/catalogo\/grinding-and-sharpening-machines\/sharpening-for-widia-blades\/july-600\/","title":{"rendered":"JULY 600"},"content":{"rendered":"<h2>Sharpening Machine for Widia Blades JULY 600<\/h2>\n<h3>Technical data<\/h3>\n<table style=\"height: 158px;width: 100%\" width=\"100%\">\n<tbody>\n<tr style=\"height: 23px\">\n<td style=\"width: 58.039735%;height: 23px\">Circular saws blade outside diameter min \u00f7 max<\/td>\n<td style=\"width: 40.960265%;height: 23px\">mm 150 \u00f7 600 ; mm 1000 optional<\/td>\n<\/tr>\n<tr style=\"height: 23px\">\n<td style=\"width: 58.039735%;height: 23px\">Circular saws blade inside diameter<\/td>\n<td style=\"width: 40.960265%;height: 23px\">mm 20-25-30-35-40-50-70-75<\/td>\n<\/tr>\n<tr style=\"height: 23px\">\n<td style=\"width: 58.039735%;height: 23px\">Sharpening pitch min \u00f7 max<\/td>\n<td style=\"width: 40.960265%;height: 23px\">mm 5 \u00f7 15<\/td>\n<\/tr>\n<tr style=\"height: 23px\">\n<td style=\"width: 58.039735%;height: 23px\">Diamond grind diameter<\/td>\n<td style=\"width: 40.960265%;height: 23px\">mm 150<\/td>\n<\/tr>\n<tr style=\"height: 10px\">\n<td style=\"width: 58.039735%;height: 10px\">Diamond grind hole<\/td>\n<td style=\"width: 40.960265%;height: 10px\">mm 20<\/td>\n<\/tr>\n<tr style=\"height: 23px\">\n<td style=\"width: 58.039735%;height: 23px\">Grind speed<\/td>\n<td style=\"width: 40.960265%;height: 23px\">rpm 3000<\/td>\n<\/tr>\n<tr style=\"height: 23px\">\n<td style=\"width: 58.039735%;height: 23px\">Motor power<\/td>\n<td style=\"width: 40.960265%;height: 23px\">HP 0,25<\/td>\n<\/tr>\n<tr style=\"height: 23px\">\n<td style=\"width: 58.039735%;height: 10px\">Weight<\/td>\n<td style=\"width: 40.960265%;height: 10px\">kg 100<\/td>\n<\/tr>\n<\/tbody>\n<\/table>\n<hr \/>\n<p><strong>Available standard and CE versions with base and cooling system<\/strong><\/p>\n","protected":false},"excerpt":{"rendered":"<p>Sharpening Machine for Widia Blades JULY 600 Technical data Circular saws blade outside diameter min \u00f7 max mm 150 \u00f7 600 ; mm 1000 optional Circular saws blade inside diameter mm 20-25-30-35-40-50-70-75 Sharpening pitch min \u00f7 max mm 5 \u00f7 15 Diamond grind diameter mm 150 Diamond grind hole mm 20 Grind speed rpm 3000 [&hellip;]<\/p>\n","protected":false},"featured_media":3083,"comment_status":"closed","ping_status":"closed","template":"","meta":{"_et_pb_use_builder":"","_et_pb_old_content":"","_et_gb_content_width":""},"product_cat":[237,239],"product_tag":[],"class_list":["post-2608","product","type-product","status-publish","has-post-thumbnail","hentry","product_cat-grinding-and-sharpening-machines","product_cat-sharpening-for-widia-blades"],"yoast_head":"<!-- This site is optimized with the Yoast SEO plugin v20.7 - https:\/\/yoast.com\/wordpress\/plugins\/seo\/ -->\n<title>JULY 600 - FahdItalia % %<\/title>\n<meta name=\"description\" content=\"JULY 600 - FahdItalia\" \/>\n<meta name=\"robots\" content=\"index, follow, max-snippet:-1, max-image-preview:large, max-video-preview:-1\" \/>\n<link rel=\"canonical\" href=\"https:\/\/www.fahditalia.com\/en\/catalogo\/grinding-and-sharpening-machines\/sharpening-for-widia-blades\/july-600\/\" \/>\n<meta property=\"og:locale\" content=\"en_US\" \/>\n<meta property=\"og:type\" content=\"article\" \/>\n<meta property=\"og:title\" content=\"JULY 600 - FahdItalia % %\" \/>\n<meta property=\"og:description\" content=\"JULY 600 - FahdItalia\" \/>\n<meta property=\"og:site_name\" content=\"FahdItalia\" \/>\n<meta property=\"article:modified_time\" content=\"2023-02-22T10:42:53+00:00\" \/>\n<meta property=\"og:image\" content=\"https:\/\/www.fahditalia.com\/wp-content\/uploads\/2022\/12\/JULY-600.jpg\" \/>\n\t<meta property=\"og:image:width\" content=\"900\" \/>\n\t<meta property=\"og:image:height\" content=\"600\" \/>\n\t<meta property=\"og:image:type\" content=\"image\/jpeg\" \/>\n<meta name=\"twitter:card\" content=\"summary_large_image\" \/>\n<script type=\"application\/ld+json\" class=\"yoast-schema-graph\">{\"@context\":\"https:\/\/schema.org\",\"@graph\":[{\"@type\":\"WebPage\",\"@id\":\"https:\/\/www.fahditalia.com\/en\/catalogo\/grinding-and-sharpening-machines\/sharpening-for-widia-blades\/july-600\/\",\"url\":\"https:\/\/www.fahditalia.com\/en\/catalogo\/grinding-and-sharpening-machines\/sharpening-for-widia-blades\/july-600\/\",\"name\":\"JULY 600 - FahdItalia % %\",\"isPartOf\":{\"@id\":\"https:\/\/www.fahditalia.com\/en\/#website\"},\"datePublished\":\"2022-12-22T22:43:30+00:00\",\"dateModified\":\"2023-02-22T10:42:53+00:00\",\"description\":\"JULY 600 - FahdItalia\",\"breadcrumb\":{\"@id\":\"https:\/\/www.fahditalia.com\/en\/catalogo\/grinding-and-sharpening-machines\/sharpening-for-widia-blades\/july-600\/#breadcrumb\"},\"inLanguage\":\"en-US\",\"potentialAction\":[{\"@type\":\"ReadAction\",\"target\":[\"https:\/\/www.fahditalia.com\/en\/catalogo\/grinding-and-sharpening-machines\/sharpening-for-widia-blades\/july-600\/\"]}]},{\"@type\":\"BreadcrumbList\",\"@id\":\"https:\/\/www.fahditalia.com\/en\/catalogo\/grinding-and-sharpening-machines\/sharpening-for-widia-blades\/july-600\/#breadcrumb\",\"itemListElement\":[{\"@type\":\"ListItem\",\"position\":1,\"name\":\"Home\",\"item\":\"https:\/\/www.fahditalia.com\/en\/\"},{\"@type\":\"ListItem\",\"position\":2,\"name\":\"Catalog\",\"item\":\"https:\/\/www.fahditalia.com\/en\/catalog\/\"},{\"@type\":\"ListItem\",\"position\":3,\"name\":\"JULY 600\"}]},{\"@type\":\"WebSite\",\"@id\":\"https:\/\/www.fahditalia.com\/en\/#website\",\"url\":\"https:\/\/www.fahditalia.com\/en\/\",\"name\":\"FAHDITALIA Macchine per il legno di qualit\u00e0 - Quality woodworking machine\",\"description\":\"FAHDITALIA Macchine per il legno - Woodworkins machine\",\"publisher\":{\"@id\":\"https:\/\/www.fahditalia.com\/en\/#organization\"},\"potentialAction\":[{\"@type\":\"SearchAction\",\"target\":{\"@type\":\"EntryPoint\",\"urlTemplate\":\"https:\/\/www.fahditalia.com\/en\/?s={search_term_string}\"},\"query-input\":\"required name=search_term_string\"}],\"inLanguage\":\"en-US\"},{\"@type\":\"Organization\",\"@id\":\"https:\/\/www.fahditalia.com\/en\/#organization\",\"name\":\"FAHDITALIA Macchine per il legno di qualit\u00e0 - Quality woodworking machine\",\"url\":\"https:\/\/www.fahditalia.com\/en\/\",\"logo\":{\"@type\":\"ImageObject\",\"inLanguage\":\"en-US\",\"@id\":\"https:\/\/www.fahditalia.com\/en\/#\/schema\/logo\/image\/\",\"url\":\"https:\/\/www.fahditalia.com\/wp-content\/uploads\/2021\/11\/logo-fahditalia-basic.png\",\"contentUrl\":\"https:\/\/www.fahditalia.com\/wp-content\/uploads\/2021\/11\/logo-fahditalia-basic.png\",\"width\":2217,\"height\":421,\"caption\":\"FAHDITALIA Macchine per il legno di qualit\u00e0 - Quality woodworking machine\"},\"image\":{\"@id\":\"https:\/\/www.fahditalia.com\/en\/#\/schema\/logo\/image\/\"},\"sameAs\":[\"https:\/\/www.instagram.com\/fahditalia\/\",\"https:\/\/www.youtube.com\/channel\/UCNg_3QBScco9gmlNJNRG5nQ\/channels\"]}]}<\/script>\n<!-- \/ Yoast SEO plugin. -->","yoast_head_json":{"title":"JULY 600 - FahdItalia % %","description":"JULY 600 - FahdItalia","robots":{"index":"index","follow":"follow","max-snippet":"max-snippet:-1","max-image-preview":"max-image-preview:large","max-video-preview":"max-video-preview:-1"},"canonical":"https:\/\/www.fahditalia.com\/en\/catalogo\/grinding-and-sharpening-machines\/sharpening-for-widia-blades\/july-600\/","og_locale":"en_US","og_type":"article","og_title":"JULY 600 - FahdItalia % %","og_description":"JULY 600 - FahdItalia","og_site_name":"FahdItalia","article_modified_time":"2023-02-22T10:42:53+00:00","og_image":[{"width":900,"height":600,"url":"https:\/\/www.fahditalia.com\/wp-content\/uploads\/2022\/12\/JULY-600.jpg","type":"image\/jpeg"}],"twitter_card":"summary_large_image","schema":{"@context":"https:\/\/schema.org","@graph":[{"@type":"WebPage","@id":"https:\/\/www.fahditalia.com\/en\/catalogo\/grinding-and-sharpening-machines\/sharpening-for-widia-blades\/july-600\/","url":"https:\/\/www.fahditalia.com\/en\/catalogo\/grinding-and-sharpening-machines\/sharpening-for-widia-blades\/july-600\/","name":"JULY 600 - FahdItalia % %","isPartOf":{"@id":"https:\/\/www.fahditalia.com\/en\/#website"},"datePublished":"2022-12-22T22:43:30+00:00","dateModified":"2023-02-22T10:42:53+00:00","description":"JULY 600 - FahdItalia","breadcrumb":{"@id":"https:\/\/www.fahditalia.com\/en\/catalogo\/grinding-and-sharpening-machines\/sharpening-for-widia-blades\/july-600\/#breadcrumb"},"inLanguage":"en-US","potentialAction":[{"@type":"ReadAction","target":["https:\/\/www.fahditalia.com\/en\/catalogo\/grinding-and-sharpening-machines\/sharpening-for-widia-blades\/july-600\/"]}]},{"@type":"BreadcrumbList","@id":"https:\/\/www.fahditalia.com\/en\/catalogo\/grinding-and-sharpening-machines\/sharpening-for-widia-blades\/july-600\/#breadcrumb","itemListElement":[{"@type":"ListItem","position":1,"name":"Home","item":"https:\/\/www.fahditalia.com\/en\/"},{"@type":"ListItem","position":2,"name":"Catalog","item":"https:\/\/www.fahditalia.com\/en\/catalog\/"},{"@type":"ListItem","position":3,"name":"JULY 600"}]},{"@type":"WebSite","@id":"https:\/\/www.fahditalia.com\/en\/#website","url":"https:\/\/www.fahditalia.com\/en\/","name":"FAHDITALIA Macchine per il legno di qualit\u00e0 - Quality woodworking machine","description":"FAHDITALIA Macchine per il legno - Woodworkins machine","publisher":{"@id":"https:\/\/www.fahditalia.com\/en\/#organization"},"potentialAction":[{"@type":"SearchAction","target":{"@type":"EntryPoint","urlTemplate":"https:\/\/www.fahditalia.com\/en\/?s={search_term_string}"},"query-input":"required name=search_term_string"}],"inLanguage":"en-US"},{"@type":"Organization","@id":"https:\/\/www.fahditalia.com\/en\/#organization","name":"FAHDITALIA Macchine per il legno di qualit\u00e0 - Quality woodworking machine","url":"https:\/\/www.fahditalia.com\/en\/","logo":{"@type":"ImageObject","inLanguage":"en-US","@id":"https:\/\/www.fahditalia.com\/en\/#\/schema\/logo\/image\/","url":"https:\/\/www.fahditalia.com\/wp-content\/uploads\/2021\/11\/logo-fahditalia-basic.png","contentUrl":"https:\/\/www.fahditalia.com\/wp-content\/uploads\/2021\/11\/logo-fahditalia-basic.png","width":2217,"height":421,"caption":"FAHDITALIA Macchine per il legno di qualit\u00e0 - Quality woodworking machine"},"image":{"@id":"https:\/\/www.fahditalia.com\/en\/#\/schema\/logo\/image\/"},"sameAs":["https:\/\/www.instagram.com\/fahditalia\/","https:\/\/www.youtube.com\/channel\/UCNg_3QBScco9gmlNJNRG5nQ\/channels"]}]}},"_links":{"self":[{"href":"https:\/\/www.fahditalia.com\/en\/wp-json\/wp\/v3\/product\/2608","targetHints":{"allow":["GET"]}}],"collection":[{"href":"https:\/\/www.fahditalia.com\/en\/wp-json\/wp\/v3\/product"}],"about":[{"href":"https:\/\/www.fahditalia.com\/en\/wp-json\/wp\/v2\/types\/product"}],"replies":[{"embeddable":true,"href":"https:\/\/www.fahditalia.com\/en\/wp-json\/wp\/v2\/comments?post=2608"}],"wp:featuredmedia":[{"embeddable":true,"href":"https:\/\/www.fahditalia.com\/en\/wp-json\/wp\/v2\/media\/3083"}],"wp:attachment":[{"href":"https:\/\/www.fahditalia.com\/en\/wp-json\/wp\/v2\/media?parent=2608"}],"wp:term":[{"taxonomy":"product_cat","embeddable":true,"href":"https:\/\/www.fahditalia.com\/en\/wp-json\/wp\/v2\/product_cat?post=2608"},{"taxonomy":"product_tag","embeddable":true,"href":"https:\/\/www.fahditalia.com\/en\/wp-json\/wp\/v2\/product_tag?post=2608"}],"curies":[{"name":"wp","href":"https:\/\/api.w.org\/{rel}","templated":true}]}}